{"id":883,"date":"2021-08-01T18:45:02","date_gmt":"2021-08-01T16:45:02","guid":{"rendered":"https:\/\/rb-heidelberg.com\/impressum\/"},"modified":"2025-12-04T22:58:43","modified_gmt":"2025-12-04T21:58:43","slug":"impressum","status":"publish","type":"page","link":"https:\/\/biesinger-diener.com\/en\/impressum\/","title":{"rendered":"Legal notice"},"content":{"rendered":"<p>biesinger diener Rechtsanwaltsgesellschaft mbH<br \/>\nPalo-Alto-Platz 13<br \/>\n69124 Heidelberg<br \/>\nphone: +49 6221 434+160<br \/>\nEmail: i&#110;&#x66;&#x6f;&#x40;b&#105;&#x65;&#x73;&#x69;n&#103;&#x65;&#x72;&#x2d;d&#105;&#x65;&#x6e;&#x65;r&#46;&#x63;&#x6f;&#x6d;<\/p>\n<h5><strong>Registered Seat<\/strong><\/h5>\n<p>Heidelberg<\/p>\n<h5>Registration:<\/h5>\n<p>Amtsgericht Mannheim HRB 747467<\/p>\n<h5>Managing Directors<\/h5>\n<p>Christian Diener<\/p>\n<h4>Bar Admission and Professional Code of Conduct Rules<\/h4>\n<p>All lawyers of\u00a0 biesinger diener are admitted in Germany to practise as <i>Rechtsanwalt<\/i>\u00a0or\u00a0<i>Rechtsanw\u00e4ltin<\/i> and are members of the local Bar (Rechtsanwaltskammer) Karlsruhe. The relevant Professional Code of Conduct Rules are:<\/p>\n<p>Bundesrechtsanwaltsordnung (BRAO), Berufsordnung f\u00fcr Rechtsanw\u00e4lte (BORA), Fachanwaltsordnung (FAO), Bundesrechtsanwaltsgeb\u00fchrenordnung (RVG) and, as far as international legal advise is concerned, the \u201eStandesregelung der Rechtsanw\u00e4lte in der Europ\u00e4ischen Gemeinschaft\u201c (CCBE-code of conduct).<\/p>\n<p><strong>Local Bar<\/strong><\/p>\n<p>Rechtsanwaltskammer Karlsruhe<\/p>\n<p><a href=\"http:\/\/www.rak-karlsruhe.de\/\">www.rak-karlsruhe.de<\/a><\/p>\n<h4>Name and Address of Professional Indemnity Insurer<\/h4>\n<p>ERGO Group AG<br \/>\nERGO-Platz 1<br \/>\n40198 D\u00fcsseldorf<\/p>\n<h4>Scope Professional Indemnity Insurer<\/h4>\n<p>Federal Republic of Germany, throughout the European Union in the context of legal advise concerning European Union law or the representation before European courts; in addition worldwide in the amout of the legally required minimum amounts.<\/p>\n<h4>Liability for Links<\/h4>\n<p>Despite our best efforts to verify links, we do not accept responsibility or liability to users or any third parties in relation to the use of links to other websites.<\/p>\n<h4>Copyright<\/h4>\n<p>Layout und design of this website or parts threof are protected by copyright. The same applies to any other written material or photos on this website. Any public use of material on this website requires the consent of Reiserer Rechtsanwaltsgesellschaft mbH.<\/p>\n<h4>Evasion of Conflicts of Interest<\/h4>\n<p>We may not work in cases of conflicts of interest. (\u00a7 43a para. 4 BRAO). We will perform a conflict check before accepting a mandate.<\/p>\n<h4>Information pursuant to Sec. 36 Act on Settlement of Consumers\u2019 Disputes (Verbraucherstreitbeilegungsgesetz)<\/h4>\n<p>The relevant dispute resolution body with power to hear consumer disputes for claims involving an economic interest arising out of the lawyer-client relationship is the Schlichtungsstelle der Rechtsanwaltschaft (German Conciliation Body for the Legal Profession), Neue Gr\u00fcnstra\u00dfe 17, 10179 Berlin, www.schlichtungsstelle-der-rechtsanwaltschaft.de. However, members of the legal profession are not obliged to participate in dispute resolution proceedings brought before a consumer dispute resolution body.<\/p>\n<p>The dispute resolution platform of the European Commission can be found at:\u00a0<a href=\"https:\/\/ec.europa.eu\/consumers\/odr\/\">https:\/\/ec.europa.eu\/consumers\/odr\/<\/a>.<\/p>\n<p>Reiserer Rechtsanwaltsgesellschaft mbH does not participate in any dispute resolution proceedings brought before consumer dispute resolution bodies, including the Schlichtungsstelle der Rechtsanwaltschaft (German Conciliation Body for the Legal Profession).<\/p>\n<p>&nbsp;<\/p>\n<h4>Concept, Design and Realisation<\/h4>\n<p><a href=\"https:\/\/variante-b.de\/\" target=\"_blank\" rel=\"noopener\">VARIANTE B<\/a>, c\/o kreuzwork.berlin, Sch\u00f6nleinstra\u00dfe 5, 10967 Berlin-Kreuzberg<\/p>\n<p><a href=\"https:\/\/cobrand.de\" target=\"_blank\" rel=\"noopener\">COBRAND<\/a>, Linienstra\u00dfe 160, 10115 Berlin<\/p>\n","protected":false},"excerpt":{"rendered":"<p>biesinger diener Rechtsanwaltsgesellschaft mbH Palo-Alto-Platz 13 69124 Heidelberg phone: +49 6221 434+160 Email: &#105;&#110;&#x66;o&#64;&#x62;&#x69;e&#115;&#x69;&#x6e;g&#101;&#x72;&#x2d;d&#105;&#x65;&#x6e;e&#114;&#x2e;&#x63;o&#109; Registered Seat Heidelberg Registration: Amtsgericht Mannheim HRB 747467 Managing Directors Christian Diener Bar Admission and Professional Code of Conduct Rules All lawyers of\u00a0 biesinger diener are admitted in Germany to practise as Rechtsanwalt\u00a0or\u00a0Rechtsanw\u00e4ltin and are members of the local Bar (Rechtsanwaltskammer) &#8230;.<\/p>\n","protected":false},"author":1,"featured_media":0,"parent":0,"menu_order":28,"comment_status":"closed","ping_status":"closed","template":"","meta":{"_acf_changed":false,"footnotes":""},"class_list":["post-883","page","type-page","status-publish","hentry"],"acf":[],"yoast_head":"<!-- This site is optimized with the Yoast SEO plugin v26.5 - https:\/\/yoast.com\/wordpress\/plugins\/seo\/ -->\n<title>Legal notice - biesinger diener | Kanzlei f\u00fcr Wirtschaftsrecht<\/title>\n<meta name=\"robots\" content=\"index, follow, max-snippet:-1, max-image-preview:large, max-video-preview:-1\" \/>\n<link rel=\"canonical\" href=\"https:\/\/biesinger-diener.com\/en\/impressum\/\" \/>\n<meta property=\"og:locale\" content=\"en_US\" \/>\n<meta property=\"og:type\" content=\"article\" \/>\n<meta property=\"og:title\" content=\"Legal notice - biesinger diener | Kanzlei f\u00fcr Wirtschaftsrecht\" \/>\n<meta property=\"og:description\" content=\"biesinger diener Rechtsanwaltsgesellschaft mbH Palo-Alto-Platz 13 69124 Heidelberg phone: +49 6221 434+160 Email: &#x69;&#x6e;&#102;o&#064;&#x62;&#x69;&#101;&#115;i&#x6e;&#x67;&#101;&#114;-&#x64;&#x69;&#x65;&#110;er&#x2e;&#x63;&#111;&#109; Registered Seat Heidelberg Registration: Amtsgericht Mannheim HRB 747467 Managing Directors Christian Diener Bar Admission and Professional Code of Conduct Rules All lawyers of\u00a0 biesinger diener are admitted in Germany to practise as Rechtsanwalt\u00a0or\u00a0Rechtsanw\u00e4ltin and are members of the local Bar (Rechtsanwaltskammer) ....\" \/>\n<meta property=\"og:url\" content=\"https:\/\/biesinger-diener.com\/en\/impressum\/\" \/>\n<meta property=\"og:site_name\" content=\"biesinger diener | Kanzlei f\u00fcr Wirtschaftsrecht\" \/>\n<meta property=\"article:modified_time\" content=\"2025-12-04T21:58:43+00:00\" \/>\n<meta property=\"og:image\" content=\"https:\/\/biesinger-diener.com\/wp-content\/uploads\/2021\/11\/rb-share-preview-1.jpg\" \/>\n\t<meta property=\"og:image:width\" content=\"2468\" \/>\n\t<meta property=\"og:image:height\" content=\"1314\" \/>\n\t<meta property=\"og:image:type\" content=\"image\/jpeg\" \/>\n<meta name=\"twitter:card\" content=\"summary_large_image\" \/>\n<script type=\"application\/ld+json\" class=\"yoast-schema-graph\">{\"@context\":\"https:\/\/schema.org\",\"@graph\":[{\"@type\":\"WebPage\",\"@id\":\"https:\/\/biesinger-diener.com\/en\/impressum\/\",\"url\":\"https:\/\/biesinger-diener.com\/en\/impressum\/\",\"name\":\"Legal notice - biesinger diener | Kanzlei f\u00fcr Wirtschaftsrecht\",\"isPartOf\":{\"@id\":\"https:\/\/biesinger-diener.com\/#website\"},\"datePublished\":\"2021-08-01T16:45:02+00:00\",\"dateModified\":\"2025-12-04T21:58:43+00:00\",\"breadcrumb\":{\"@id\":\"https:\/\/biesinger-diener.com\/en\/impressum\/#breadcrumb\"},\"inLanguage\":\"en-US\",\"potentialAction\":[{\"@type\":\"ReadAction\",\"target\":[\"https:\/\/biesinger-diener.com\/en\/impressum\/\"]}]},{\"@type\":\"BreadcrumbList\",\"@id\":\"https:\/\/biesinger-diener.com\/en\/impressum\/#breadcrumb\",\"itemListElement\":[{\"@type\":\"ListItem\",\"position\":1,\"name\":\"Startseite\",\"item\":\"https:\/\/biesinger-diener.com\/en\/\"},{\"@type\":\"ListItem\",\"position\":2,\"name\":\"Legal notice\"}]},{\"@type\":\"WebSite\",\"@id\":\"https:\/\/biesinger-diener.com\/#website\",\"url\":\"https:\/\/biesinger-diener.com\/\",\"name\":\"biesinger diener | Kanzlei f\u00fcr Wirtschaftsrecht\",\"description\":\"\",\"potentialAction\":[{\"@type\":\"SearchAction\",\"target\":{\"@type\":\"EntryPoint\",\"urlTemplate\":\"https:\/\/biesinger-diener.com\/?s={search_term_string}\"},\"query-input\":{\"@type\":\"PropertyValueSpecification\",\"valueRequired\":true,\"valueName\":\"search_term_string\"}}],\"inLanguage\":\"en-US\"}]}<\/script>\n<!-- \/ Yoast SEO plugin. -->","yoast_head_json":{"title":"Legal notice - biesinger diener | Kanzlei f\u00fcr Wirtschaftsrecht","robots":{"index":"index","follow":"follow","max-snippet":"max-snippet:-1","max-image-preview":"max-image-preview:large","max-video-preview":"max-video-preview:-1"},"canonical":"https:\/\/biesinger-diener.com\/en\/impressum\/","og_locale":"en_US","og_type":"article","og_title":"Legal notice - biesinger diener | Kanzlei f\u00fcr Wirtschaftsrecht","og_description":"biesinger diener Rechtsanwaltsgesellschaft mbH Palo-Alto-Platz 13 69124 Heidelberg phone: +49 6221 434+160 Email: &#x69;&#x6e;&#102;o&#64;&#x62;&#x69;&#101;&#115;i&#x6e;&#x67;&#101;&#114;-&#x64;&#x69;&#x65;&#110;er&#x2e;&#x63;&#111;&#109; Registered Seat Heidelberg Registration: Amtsgericht Mannheim HRB 747467 Managing Directors Christian Diener Bar Admission and Professional Code of Conduct Rules All lawyers of\u00a0 biesinger diener are admitted in Germany to practise as Rechtsanwalt\u00a0or\u00a0Rechtsanw\u00e4ltin and are members of the local Bar (Rechtsanwaltskammer) ....","og_url":"https:\/\/biesinger-diener.com\/en\/impressum\/","og_site_name":"biesinger diener | Kanzlei f\u00fcr Wirtschaftsrecht","article_modified_time":"2025-12-04T21:58:43+00:00","og_image":[{"width":2468,"height":1314,"url":"https:\/\/biesinger-diener.com\/wp-content\/uploads\/2021\/11\/rb-share-preview-1.jpg","type":"image\/jpeg"}],"twitter_card":"summary_large_image","schema":{"@context":"https:\/\/schema.org","@graph":[{"@type":"WebPage","@id":"https:\/\/biesinger-diener.com\/en\/impressum\/","url":"https:\/\/biesinger-diener.com\/en\/impressum\/","name":"Legal notice - biesinger diener | Kanzlei f\u00fcr Wirtschaftsrecht","isPartOf":{"@id":"https:\/\/biesinger-diener.com\/#website"},"datePublished":"2021-08-01T16:45:02+00:00","dateModified":"2025-12-04T21:58:43+00:00","breadcrumb":{"@id":"https:\/\/biesinger-diener.com\/en\/impressum\/#breadcrumb"},"inLanguage":"en-US","potentialAction":[{"@type":"ReadAction","target":["https:\/\/biesinger-diener.com\/en\/impressum\/"]}]},{"@type":"BreadcrumbList","@id":"https:\/\/biesinger-diener.com\/en\/impressum\/#breadcrumb","itemListElement":[{"@type":"ListItem","position":1,"name":"Startseite","item":"https:\/\/biesinger-diener.com\/en\/"},{"@type":"ListItem","position":2,"name":"Legal notice"}]},{"@type":"WebSite","@id":"https:\/\/biesinger-diener.com\/#website","url":"https:\/\/biesinger-diener.com\/","name":"biesinger diener | Kanzlei f\u00fcr Wirtschaftsrecht","description":"","potentialAction":[{"@type":"SearchAction","target":{"@type":"EntryPoint","urlTemplate":"https:\/\/biesinger-diener.com\/?s={search_term_string}"},"query-input":{"@type":"PropertyValueSpecification","valueRequired":true,"valueName":"search_term_string"}}],"inLanguage":"en-US"}]}},"_links":{"self":[{"href":"https:\/\/biesinger-diener.com\/en\/wp-json\/wp\/v2\/pages\/883","targetHints":{"allow":["GET"]}}],"collection":[{"href":"https:\/\/biesinger-diener.com\/en\/wp-json\/wp\/v2\/pages"}],"about":[{"href":"https:\/\/biesinger-diener.com\/en\/wp-json\/wp\/v2\/types\/page"}],"author":[{"embeddable":true,"href":"https:\/\/biesinger-diener.com\/en\/wp-json\/wp\/v2\/users\/1"}],"replies":[{"embeddable":true,"href":"https:\/\/biesinger-diener.com\/en\/wp-json\/wp\/v2\/comments?post=883"}],"version-history":[{"count":6,"href":"https:\/\/biesinger-diener.com\/en\/wp-json\/wp\/v2\/pages\/883\/revisions"}],"predecessor-version":[{"id":2357,"href":"https:\/\/biesinger-diener.com\/en\/wp-json\/wp\/v2\/pages\/883\/revisions\/2357"}],"wp:attachment":[{"href":"https:\/\/biesinger-diener.com\/en\/wp-json\/wp\/v2\/media?parent=883"}],"curies":[{"name":"wp","href":"https:\/\/api.w.org\/{rel}","templated":true}]}}